{"id":62,"date":"2025-02-24T10:41:48","date_gmt":"2025-02-24T09:41:48","guid":{"rendered":"http:\/\/marvaldi.com\/?page_id=62"},"modified":"2025-03-06T09:15:19","modified_gmt":"2025-03-06T08:15:19","slug":"solutions","status":"publish","type":"page","link":"https:\/\/marvaldi.com\/?page_id=62","title":{"rendered":"Solutions"},"content":{"rendered":"\n<div class=\"wp-block-group alignfull has-tertiary-background-color has-background has-global-padding is-layout-constrained wp-block-group-is-layout-constrained\" style=\"margin-top:0px;margin-bottom:0px;padding-top:var(--wp--preset--spacing--xx-large);padding-bottom:var(--wp--preset--spacing--xx-large)\">\n<div class=\"wp-block-group alignwide is-layout-flow wp-block-group-is-layout-flow\" style=\"padding-bottom:var(--wp--preset--spacing--medium)\">\n<div class=\"wp-block-columns are-vertically-aligned-bottom is-layout-flex wp-container-core-columns-is-layout-28f84493 wp-block-columns-is-layout-flex\">\n<div class=\"wp-block-column is-vertically-aligned-bottom is-layout-flow wp-block-column-is-layout-flow\">\n<p class=\"has-primary-color has-text-color has-base-font-size\">Cr\u00e9atif<\/p>\n\n\n\n<h2 class=\"wp-block-heading has-x-large-font-size\" style=\"margin-top:0.25rem\">Partenaires<\/h2>\n<\/div>\n\n\n\n<div class=\"wp-block-column is-vertically-aligned-bottom is-layout-flow wp-block-column-is-layout-flow\">\n<p style=\"margin-bottom:0.65rem\">Des collaborateurs engag\u00e9s, passionn\u00e9s&#8230;<\/p>\n<\/div>\n<\/div>\n<\/div>\n\n\n\n<div class=\"wp-block-group alignwide is-layout-flow wp-block-group-is-layout-flow\">\n<div class=\"wp-block-columns is-layout-flex wp-container-core-columns-is-layout-f619a8c7 wp-block-columns-is-layout-flex\">\n<div class=\"wp-block-column is-layout-flow wp-block-column-is-layout-flow\">\n<figure class=\"wp-block-gallery aligncenter has-nested-images columns-default is-cropped wp-block-gallery-1 is-layout-flex wp-block-gallery-is-layout-flex\">\n<figure class=\"wp-block-image size-full\"><img fetchpriority=\"high\" decoding=\"async\" width=\"900\" height=\"900\" data-id=\"178\" src=\"https:\/\/marvaldi.com\/wp-content\/uploads\/2025\/03\/unnamed-2.jpg\" alt=\"\" class=\"wp-image-178\" srcset=\"https:\/\/marvaldi.com\/wp-content\/uploads\/2025\/03\/unnamed-2.jpg 900w, https:\/\/marvaldi.com\/wp-content\/uploads\/2025\/03\/unnamed-2-300x300.jpg 300w, https:\/\/marvaldi.com\/wp-content\/uploads\/2025\/03\/unnamed-2-150x150.jpg 150w, https:\/\/marvaldi.com\/wp-content\/uploads\/2025\/03\/unnamed-2-768x768.jpg 768w\" sizes=\"(max-width: 900px) 100vw, 900px\" \/><\/figure>\n<\/figure>\n\n\n\n<div class=\"wp-block-group has-global-padding is-layout-constrained wp-container-core-group-is-layout-7bc66994 wp-block-group-is-layout-constrained\">\n<h2 class=\"wp-block-heading has-text-align-center has-medium-font-size\">Apple<\/h2>\n\n\n\n<div class=\"wp-block-buttons is-content-justification-center is-layout-flex wp-container-core-buttons-is-layout-a89b3969 wp-block-buttons-is-layout-flex\">\n<div class=\"wp-block-button\"><a class=\"wp-block-button__link wp-element-button\" href=\"?page_id=255\">Notre Collaboration<\/a><\/div>\n<\/div>\n\n\n\n<div class=\"wp-block-buttons is-content-justification-center is-layout-flex wp-container-core-buttons-is-layout-a89b3969 wp-block-buttons-is-layout-flex\">\n<div class=\"wp-block-button is-style-outline is-style-outline--2\"><a class=\"wp-block-button__link wp-element-button\" href=\"http:\/\/apple.com\">En savoir +<\/a><\/div>\n<\/div>\n\n\n\n<p class=\"has-text-align-center has-base-font-size\"><\/p>\n\n\n\n<p><\/p>\n<\/div>\n<\/div>\n\n\n\n<div class=\"wp-block-column is-layout-flow wp-block-column-is-layout-flow\">\n<figure class=\"wp-block-image aligncenter size-full has-custom-border\"><img decoding=\"async\" width=\"1200\" height=\"1200\" src=\"https:\/\/marvaldi.com\/wp-content\/uploads\/2025\/03\/Microsoft_logo.svg_.png\" alt=\"\" class=\"wp-image-179\" style=\"border-radius:10px\" srcset=\"https:\/\/marvaldi.com\/wp-content\/uploads\/2025\/03\/Microsoft_logo.svg_.png 1200w, https:\/\/marvaldi.com\/wp-content\/uploads\/2025\/03\/Microsoft_logo.svg_-300x300.png 300w, https:\/\/marvaldi.com\/wp-content\/uploads\/2025\/03\/Microsoft_logo.svg_-1024x1024.png 1024w, https:\/\/marvaldi.com\/wp-content\/uploads\/2025\/03\/Microsoft_logo.svg_-150x150.png 150w, https:\/\/marvaldi.com\/wp-content\/uploads\/2025\/03\/Microsoft_logo.svg_-768x768.png 768w\" sizes=\"(max-width: 1200px) 100vw, 1200px\" \/><\/figure>\n\n\n\n<div class=\"wp-block-group has-global-padding is-layout-constrained wp-container-core-group-is-layout-7bc66994 wp-block-group-is-layout-constrained\">\n<h2 class=\"wp-block-heading has-text-align-center has-medium-font-size\">Microsoft<\/h2>\n\n\n\n<div class=\"wp-block-buttons is-content-justification-center is-layout-flex wp-container-core-buttons-is-layout-a89b3969 wp-block-buttons-is-layout-flex\">\n<div class=\"wp-block-button\"><a class=\"wp-block-button__link wp-element-button\" href=\"?page_id=262\">Notre Collaboration<\/a><\/div>\n<\/div>\n\n\n\n<div class=\"wp-block-buttons is-content-justification-center is-layout-flex wp-container-core-buttons-is-layout-a89b3969 wp-block-buttons-is-layout-flex\">\n<div class=\"wp-block-button is-style-outline is-style-outline--3\"><a class=\"wp-block-button__link wp-element-button\" href=\"http:\/\/microsoft.com\">En savoir +<\/a><\/div>\n<\/div>\n\n\n\n<p class=\"has-text-align-center has-base-font-size\"><\/p>\n<\/div>\n<\/div>\n\n\n\n<div class=\"wp-block-column is-layout-flow wp-block-column-is-layout-flow\">\n<figure class=\"wp-block-image aligncenter size-full has-custom-border\"><img decoding=\"async\" width=\"1600\" height=\"1600\" src=\"https:\/\/marvaldi.com\/wp-content\/uploads\/2025\/03\/amazon-logo-png.webp\" alt=\"\" class=\"wp-image-180\" style=\"border-radius:10px\" srcset=\"https:\/\/marvaldi.com\/wp-content\/uploads\/2025\/03\/amazon-logo-png.webp 1600w, https:\/\/marvaldi.com\/wp-content\/uploads\/2025\/03\/amazon-logo-png-300x300.webp 300w, https:\/\/marvaldi.com\/wp-content\/uploads\/2025\/03\/amazon-logo-png-1024x1024.webp 1024w, https:\/\/marvaldi.com\/wp-content\/uploads\/2025\/03\/amazon-logo-png-150x150.webp 150w, https:\/\/marvaldi.com\/wp-content\/uploads\/2025\/03\/amazon-logo-png-768x768.webp 768w, https:\/\/marvaldi.com\/wp-content\/uploads\/2025\/03\/amazon-logo-png-1536x1536.webp 1536w\" sizes=\"(max-width: 1600px) 100vw, 1600px\" \/><\/figure>\n\n\n\n<div class=\"wp-block-group has-global-padding is-layout-constrained wp-container-core-group-is-layout-7bc66994 wp-block-group-is-layout-constrained\">\n<h2 class=\"wp-block-heading has-text-align-center has-medium-font-size\">Amazon<\/h2>\n\n\n\n<div class=\"wp-block-buttons is-content-justification-center is-layout-flex wp-container-core-buttons-is-layout-a89b3969 wp-block-buttons-is-layout-flex\">\n<div class=\"wp-block-button\"><a class=\"wp-block-button__link wp-element-button\" href=\"?page_id=266\">Notre Collaboration<\/a><\/div>\n<\/div>\n\n\n\n<div class=\"wp-block-buttons is-content-justification-center is-layout-flex wp-container-core-buttons-is-layout-a89b3969 wp-block-buttons-is-layout-flex\">\n<div class=\"wp-block-button is-style-outline is-style-outline--4\"><a class=\"wp-block-button__link wp-element-button\" href=\"http:\/\/amazon.com\">En savoir +<\/a><\/div>\n<\/div>\n\n\n\n<p class=\"has-text-align-center has-base-font-size\"><\/p>\n<\/div>\n<\/div>\n<\/div>\n<\/div>\n<\/div>\n\n\n\n<div class=\"wp-block-group alignfull has-global-padding is-layout-constrained wp-block-group-is-layout-constrained\" style=\"margin-top:0px;margin-bottom:0px;padding-top:var(--wp--preset--spacing--xx-large);padding-bottom:var(--wp--preset--spacing--xx-large)\">\n<div class=\"wp-block-group alignwide is-layout-flow wp-block-group-is-layout-flow\" style=\"padding-bottom:var(--wp--preset--spacing--medium)\">\n<div class=\"wp-block-columns are-vertically-aligned-bottom is-layout-flex wp-container-core-columns-is-layout-28f84493 wp-block-columns-is-layout-flex\">\n<div class=\"wp-block-column is-vertically-aligned-bottom is-layout-flow wp-block-column-is-layout-flow\">\n<p class=\"has-primary-color has-text-color has-base-font-size\">Avis de clients<\/p>\n\n\n\n<h2 class=\"wp-block-heading has-x-large-font-size\" style=\"margin-top:0.25rem\">T\u00e9moignages<\/h2>\n<\/div>\n\n\n\n<div class=\"wp-block-column is-vertically-aligned-bottom is-layout-flow wp-block-column-is-layout-flow\">\n<p style=\"margin-bottom:0.65rem\">Une s\u00e9rie de t\u00e9moignages de nos clients satisfaits dans une multitude de secteurs d\u2018activit\u00e9 et de cas d\u2018utilisation.<\/p>\n<\/div>\n<\/div>\n<\/div>\n\n\n\n<div class=\"wp-block-group alignwide is-layout-flow wp-block-group-is-layout-flow\">\n<div class=\"wp-block-columns is-layout-flex wp-container-core-columns-is-layout-f619a8c7 wp-block-columns-is-layout-flex\">\n<div class=\"wp-block-column is-layout-flow wp-block-column-is-layout-flow\">\n<div class=\"wp-block-group has-border-color has-quaternary-border-color has-global-padding is-layout-constrained wp-container-core-group-is-layout-5fbedae1 wp-block-group-is-layout-constrained\" style=\"border-width:1px;border-radius:10px;min-height:100%;padding-top:var(--wp--preset--spacing--large);padding-right:var(--wp--preset--spacing--large);padding-bottom:var(--wp--preset--spacing--large);padding-left:var(--wp--preset--spacing--large)\">\n<div class=\"wp-block-columns alignwide are-vertically-aligned-center is-not-stacked-on-mobile is-layout-flex wp-container-core-columns-is-layout-3f2acbbd wp-block-columns-is-layout-flex\" style=\"margin-right:0px;margin-left:0px\">\n<div class=\"wp-block-column is-vertically-aligned-center is-layout-flow wp-block-column-is-layout-flow\" style=\"flex-basis:25%\">\n<figure class=\"wp-block-image size-full has-custom-border is-style-rounded\"><img decoding=\"async\" src=\"https:\/\/marvaldi.com\/wp-content\/themes\/jadro\/assets\/images\/avatar-1.webp\" alt=\"\" class=\"wp-image-305\" style=\"border-radius:100%\"\/><\/figure>\n<\/div>\n\n\n\n<div class=\"wp-block-column is-vertically-aligned-center is-layout-flow wp-block-column-is-layout-flow\" style=\"flex-basis:75%\">\n<h2 class=\"wp-block-heading has-medium-font-size\" style=\"margin-top:0px;margin-right:0px;margin-bottom:0px;margin-left:0px\">Eliza Weber<\/h2>\n\n\n\n<p class=\"has-small-font-size\" style=\"margin-top:4px\">Coach de vie<\/p>\n<\/div>\n<\/div>\n\n\n\n<p>Th\u00e8me simple, propre et minimaliste pour l\u2019\u00e9dition compl\u00e8te de sites.<\/p>\n\n\n\n<p class=\"has-primary-color has-text-color\" style=\"margin-top:10px;margin-right:0px;margin-bottom:0px;margin-left:0px\">\u2605\u2605\u2605\u2605\u2605<\/p>\n<\/div>\n<\/div>\n\n\n\n<div class=\"wp-block-column is-layout-flow wp-block-column-is-layout-flow\">\n<div class=\"wp-block-group has-border-color has-quaternary-border-color has-global-padding is-layout-constrained wp-container-core-group-is-layout-5fbedae1 wp-block-group-is-layout-constrained\" style=\"border-width:1px;border-radius:10px;min-height:100%;padding-top:var(--wp--preset--spacing--large);padding-right:var(--wp--preset--spacing--large);padding-bottom:var(--wp--preset--spacing--large);padding-left:var(--wp--preset--spacing--large)\">\n<div class=\"wp-block-columns alignwide are-vertically-aligned-center is-not-stacked-on-mobile is-layout-flex wp-container-core-columns-is-layout-3f2acbbd wp-block-columns-is-layout-flex\" style=\"margin-right:0px;margin-left:0px\">\n<div class=\"wp-block-column is-vertically-aligned-center is-layout-flow wp-block-column-is-layout-flow\" style=\"flex-basis:25%\">\n<figure class=\"wp-block-image size-full has-custom-border is-style-rounded\"><img decoding=\"async\" src=\"https:\/\/marvaldi.com\/wp-content\/themes\/jadro\/assets\/images\/avatar-2.webp\" alt=\"\" class=\"wp-image-302\" style=\"border-radius:100%\"\/><\/figure>\n<\/div>\n\n\n\n<div class=\"wp-block-column is-vertically-aligned-center is-layout-flow wp-block-column-is-layout-flow\" style=\"flex-basis:75%\">\n<h2 class=\"wp-block-heading has-medium-font-size\" style=\"margin-top:0px;margin-right:0px;margin-bottom:0px;margin-left:0px\">Danial Chen<\/h2>\n\n\n\n<p class=\"has-small-font-size\" style=\"margin-top:4px\">Orateur public<\/p>\n<\/div>\n<\/div>\n\n\n\n<p>Th\u00e8me rapide comme l\u2019\u00e9clair qui se charge en quelques fractions de secondes.<\/p>\n\n\n\n<p class=\"has-primary-color has-text-color\" style=\"margin-top:10px;margin-right:0px;margin-bottom:0px;margin-left:0px\">\u2605\u2605\u2605\u2605\u2605<\/p>\n<\/div>\n<\/div>\n\n\n\n<div class=\"wp-block-column is-layout-flow wp-block-column-is-layout-flow\">\n<div class=\"wp-block-group has-border-color has-quaternary-border-color has-global-padding is-layout-constrained wp-container-core-group-is-layout-5fbedae1 wp-block-group-is-layout-constrained\" style=\"border-width:1px;border-radius:10px;min-height:100%;padding-top:var(--wp--preset--spacing--large);padding-right:var(--wp--preset--spacing--large);padding-bottom:var(--wp--preset--spacing--large);padding-left:var(--wp--preset--spacing--large)\">\n<div class=\"wp-block-columns alignwide are-vertically-aligned-center is-not-stacked-on-mobile is-layout-flex wp-container-core-columns-is-layout-3f2acbbd wp-block-columns-is-layout-flex\" style=\"margin-right:0px;margin-left:0px\">\n<div class=\"wp-block-column is-vertically-aligned-center is-layout-flow wp-block-column-is-layout-flow\" style=\"flex-basis:25%\">\n<figure class=\"wp-block-image size-full has-custom-border is-style-rounded\"><img decoding=\"async\" src=\"https:\/\/marvaldi.com\/wp-content\/themes\/jadro\/assets\/images\/avatar-3.webp\" alt=\"\" class=\"wp-image-303\" style=\"border-radius:100%\"\/><\/figure>\n<\/div>\n\n\n\n<div class=\"wp-block-column is-vertically-aligned-center is-layout-flow wp-block-column-is-layout-flow\" style=\"flex-basis:75%\">\n<h2 class=\"wp-block-heading has-medium-font-size\" style=\"margin-top:0px;margin-right:0px;margin-bottom:0px;margin-left:0px\">Dina Crossin<\/h2>\n\n\n\n<p class=\"has-small-font-size\" style=\"margin-top:4px\">Juriste d\u2019entreprise<\/p>\n<\/div>\n<\/div>\n\n\n\n<p>Fonctionnalit\u00e9s utiles, biblioth\u00e8que de compositions &amp; mises \u00e0 jour r\u00e9guli\u00e8res.<\/p>\n\n\n\n<p class=\"has-primary-color has-text-color\" style=\"margin-top:10px;margin-right:0px;margin-bottom:0px;margin-left:0px\">\u2605\u2605\u2605\u2605\u2605<\/p>\n<\/div>\n<\/div>\n<\/div>\n<\/div>\n<\/div>\n\n\n\n<p class=\"has-text-align-center\"><a href=\"https:\/\/wpshout.com\/jadro\/\"><br><\/a><\/p>\n","protected":false},"excerpt":{"rendered":"<p>Cr\u00e9atif Partenaires Des collaborateurs engag\u00e9s, passionn\u00e9s&#8230; Apple Microsoft Amazon Avis de clients T\u00e9moignages Une s\u00e9rie de t\u00e9moignages de nos clients satisfaits dans une multitude de secteurs d\u2018activit\u00e9 et de cas d\u2018utilisation. Eliza Weber Coach de vie Th\u00e8me simple, propre et minimaliste pour l\u2019\u00e9dition compl\u00e8te de sites. \u2605\u2605\u2605\u2605\u2605 Danial Chen Orateur public Th\u00e8me rapide comme l\u2019\u00e9clair [&hellip;]<\/p>\n","protected":false},"author":1,"featured_media":50,"parent":0,"menu_order":0,"comment_status":"closed","ping_status":"closed","template":"","meta":{"footnotes":""},"class_list":["post-62","page","type-page","status-publish","has-post-thumbnail","hentry"],"_links":{"self":[{"href":"https:\/\/marvaldi.com\/index.php?rest_route=\/wp\/v2\/pages\/62","targetHints":{"allow":["GET"]}}],"collection":[{"href":"https:\/\/marvaldi.com\/index.php?rest_route=\/wp\/v2\/pages"}],"about":[{"href":"https:\/\/marvaldi.com\/index.php?rest_route=\/wp\/v2\/types\/page"}],"author":[{"embeddable":true,"href":"https:\/\/marvaldi.com\/index.php?rest_route=\/wp\/v2\/users\/1"}],"replies":[{"embeddable":true,"href":"https:\/\/marvaldi.com\/index.php?rest_route=%2Fwp%2Fv2%2Fcomments&post=62"}],"version-history":[{"count":18,"href":"https:\/\/marvaldi.com\/index.php?rest_route=\/wp\/v2\/pages\/62\/revisions"}],"predecessor-version":[{"id":292,"href":"https:\/\/marvaldi.com\/index.php?rest_route=\/wp\/v2\/pages\/62\/revisions\/292"}],"wp:featuredmedia":[{"embeddable":true,"href":"https:\/\/marvaldi.com\/index.php?rest_route=\/wp\/v2\/media\/50"}],"wp:attachment":[{"href":"https:\/\/marvaldi.com\/index.php?rest_route=%2Fwp%2Fv2%2Fmedia&parent=62"}],"curies":[{"name":"wp","href":"https:\/\/api.w.org\/{rel}","templated":true}]}}