{"id":279,"date":"2025-03-06T00:22:04","date_gmt":"2025-03-05T23:22:04","guid":{"rendered":"https:\/\/marvaldi.com\/?page_id=279"},"modified":"2025-03-06T00:22:04","modified_gmt":"2025-03-05T23:22:04","slug":"contact","status":"publish","type":"page","link":"https:\/\/marvaldi.com\/?page_id=279","title":{"rendered":"Contact"},"content":{"rendered":"\n<h2 class=\"wp-block-heading\">Comment me contacter ?<\/h2>\n\n\n\n<p>Mail ? Num\u00e9ro de t\u00e9l\u00e9phone ? Adresse ?<\/p>\n\n\n\n<figure class=\"wp-block-image size-full\"><img fetchpriority=\"high\" decoding=\"async\" width=\"765\" height=\"408\" src=\"https:\/\/marvaldi.com\/wp-content\/uploads\/2025\/03\/Capture-decran-2025-03-06-001740.png\" alt=\"\" class=\"wp-image-281\" srcset=\"https:\/\/marvaldi.com\/wp-content\/uploads\/2025\/03\/Capture-decran-2025-03-06-001740.png 765w, https:\/\/marvaldi.com\/wp-content\/uploads\/2025\/03\/Capture-decran-2025-03-06-001740-300x160.png 300w\" sizes=\"(max-width: 765px) 100vw, 765px\" \/><\/figure>\n\n\n\n<p><\/p>\n","protected":false},"excerpt":{"rendered":"<p>Comment me contacter ? Mail ? Num\u00e9ro de t\u00e9l\u00e9phone ? Adresse ?<\/p>\n","protected":false},"author":3,"featured_media":0,"parent":0,"menu_order":0,"comment_status":"closed","ping_status":"closed","template":"","meta":{"footnotes":""},"class_list":["post-279","page","type-page","status-publish","hentry"],"_links":{"self":[{"href":"https:\/\/marvaldi.com\/index.php?rest_route=\/wp\/v2\/pages\/279","targetHints":{"allow":["GET"]}}],"collection":[{"href":"https:\/\/marvaldi.com\/index.php?rest_route=\/wp\/v2\/pages"}],"about":[{"href":"https:\/\/marvaldi.com\/index.php?rest_route=\/wp\/v2\/types\/page"}],"author":[{"embeddable":true,"href":"https:\/\/marvaldi.com\/index.php?rest_route=\/wp\/v2\/users\/3"}],"replies":[{"embeddable":true,"href":"https:\/\/marvaldi.com\/index.php?rest_route=%2Fwp%2Fv2%2Fcomments&post=279"}],"version-history":[{"count":1,"href":"https:\/\/marvaldi.com\/index.php?rest_route=\/wp\/v2\/pages\/279\/revisions"}],"predecessor-version":[{"id":282,"href":"https:\/\/marvaldi.com\/index.php?rest_route=\/wp\/v2\/pages\/279\/revisions\/282"}],"wp:attachment":[{"href":"https:\/\/marvaldi.com\/index.php?rest_route=%2Fwp%2Fv2%2Fmedia&parent=279"}],"curies":[{"name":"wp","href":"https:\/\/api.w.org\/{rel}","templated":true}]}}