{"id":266,"date":"2025-03-05T19:19:52","date_gmt":"2025-03-05T18:19:52","guid":{"rendered":"https:\/\/marvaldi.com\/?page_id=266"},"modified":"2025-03-06T09:14:50","modified_gmt":"2025-03-06T08:14:50","slug":"266-2","status":"publish","type":"page","link":"https:\/\/marvaldi.com\/?page_id=266","title":{"rendered":"Partenaire 3"},"content":{"rendered":"\n<div class=\"wp-block-group alignfull has-global-padding is-layout-constrained wp-block-group-is-layout-constrained\" style=\"margin-top:0px;margin-bottom:0px;padding-top:var(--wp--preset--spacing--xx-large);padding-bottom:var(--wp--preset--spacing--xx-large)\">\n<div class=\"wp-block-group alignwide is-layout-flow wp-block-group-is-layout-flow\">\n<div class=\"wp-block-columns are-vertically-aligned-center is-layout-flex wp-container-core-columns-is-layout-00f84694 wp-block-columns-is-layout-flex\">\n<div class=\"wp-block-column is-vertically-aligned-center is-layout-flow wp-block-column-is-layout-flow\" style=\"flex-basis:60%\">\n<div class=\"wp-block-group has-global-padding is-layout-constrained wp-container-core-group-is-layout-e555385e wp-block-group-is-layout-constrained\">\n<p class=\"has-primary-color has-text-color has-base-font-size\" style=\"margin-bottom:var(--wp--preset--spacing--xx-small)\">Type de Conseil en Strat\u00e9gie<\/p>\n\n\n\n<h2 class=\"wp-block-heading has-xx-large-font-size\">Amazon<\/h2>\n\n\n\n<p style=\"margin-top:var(--wp--preset--spacing--small)\">Th\u00e8me d\u2019\u00e9dition de site complet simple, propre et rapide comme l\u2019\u00e9clair. Th\u00e8me WordPress optimis\u00e9 pour les moteurs de recherche et Google Core Web Vitals.<\/p>\n<\/div>\n<\/div>\n\n\n\n<div class=\"wp-block-column is-vertically-aligned-center is-layout-flow wp-block-column-is-layout-flow\" style=\"flex-basis:40%\">\n<figure class=\"wp-block-image size-full\"><img fetchpriority=\"high\" decoding=\"async\" width=\"1600\" height=\"1600\" src=\"https:\/\/marvaldi.com\/wp-content\/uploads\/2025\/03\/amazon-logo-png-3.webp\" alt=\"\" class=\"wp-image-268\" srcset=\"https:\/\/marvaldi.com\/wp-content\/uploads\/2025\/03\/amazon-logo-png-3.webp 1600w, https:\/\/marvaldi.com\/wp-content\/uploads\/2025\/03\/amazon-logo-png-3-300x300.webp 300w, https:\/\/marvaldi.com\/wp-content\/uploads\/2025\/03\/amazon-logo-png-3-1024x1024.webp 1024w, https:\/\/marvaldi.com\/wp-content\/uploads\/2025\/03\/amazon-logo-png-3-150x150.webp 150w, https:\/\/marvaldi.com\/wp-content\/uploads\/2025\/03\/amazon-logo-png-3-768x768.webp 768w, https:\/\/marvaldi.com\/wp-content\/uploads\/2025\/03\/amazon-logo-png-3-1536x1536.webp 1536w\" sizes=\"(max-width: 1600px) 100vw, 1600px\" \/><\/figure>\n<\/div>\n<\/div>\n<\/div>\n<\/div>\n\n\n\n<div class=\"wp-block-group alignfull has-tertiary-background-color has-background has-global-padding is-layout-constrained wp-block-group-is-layout-constrained\" style=\"margin-top:0px;margin-bottom:0px;padding-top:var(--wp--preset--spacing--xx-large);padding-bottom:var(--wp--preset--spacing--xx-large)\">\n<div class=\"wp-block-group alignwide is-layout-flow wp-block-group-is-layout-flow\">\n<div class=\"wp-block-columns is-layout-flex wp-container-core-columns-is-layout-28f84493 wp-block-columns-is-layout-flex\">\n<div class=\"wp-block-column is-layout-flow wp-block-column-is-layout-flow\">\n<p class=\"has-primary-color has-text-color has-base-font-size\">Appel \u00e0 l\u2019action<\/p>\n\n\n\n<h2 class=\"wp-block-heading has-x-large-font-size\" style=\"margin-top:0.25rem\">Mettre une image<\/h2>\n<\/div>\n\n\n\n<div class=\"wp-block-column is-layout-flow wp-block-column-is-layout-flow\">\n<p>Lorem ipsum dolor sit amet, consectetur adipisicing elit, sed do eiusmod tempor incididunt ut labore et dolore magna aliqua. Duis aute irure dolor in reprehenderit in voluptate velit esse cillum dolore eu fugiat nulla pariatur.<\/p>\n\n\n\n<p>Excepteur sint occaecat cupidatat non proident, sunt in culpa qui officia deserunt mollit anim id est laborum.<\/p>\n\n\n\n<div class=\"wp-block-buttons is-layout-flex wp-block-buttons-is-layout-flex\" style=\"margin-top:var(--wp--preset--spacing--medium)\">\n<div class=\"wp-block-button\"><a class=\"wp-block-button__link wp-element-button\" href=\"http:\/\/calendly.com\/marvaldi\">Prendre Rdv \u2192<\/a><\/div>\n<\/div>\n<\/div>\n<\/div>\n<\/div>\n<\/div>\n","protected":false},"excerpt":{"rendered":"<p>Type de Conseil en Strat\u00e9gie Amazon Th\u00e8me d\u2019\u00e9dition de site complet simple, propre et rapide comme l\u2019\u00e9clair. Th\u00e8me WordPress optimis\u00e9 pour les moteurs de recherche et Google Core Web Vitals. Appel \u00e0 l\u2019action Mettre une image Lorem ipsum dolor sit amet, consectetur adipisicing elit, sed do eiusmod tempor incididunt ut labore et dolore magna aliqua. [&hellip;]<\/p>\n","protected":false},"author":3,"featured_media":0,"parent":0,"menu_order":0,"comment_status":"closed","ping_status":"closed","template":"","meta":{"footnotes":""},"class_list":["post-266","page","type-page","status-publish","hentry"],"_links":{"self":[{"href":"https:\/\/marvaldi.com\/index.php?rest_route=\/wp\/v2\/pages\/266","targetHints":{"allow":["GET"]}}],"collection":[{"href":"https:\/\/marvaldi.com\/index.php?rest_route=\/wp\/v2\/pages"}],"about":[{"href":"https:\/\/marvaldi.com\/index.php?rest_route=\/wp\/v2\/types\/page"}],"author":[{"embeddable":true,"href":"https:\/\/marvaldi.com\/index.php?rest_route=\/wp\/v2\/users\/3"}],"replies":[{"embeddable":true,"href":"https:\/\/marvaldi.com\/index.php?rest_route=%2Fwp%2Fv2%2Fcomments&post=266"}],"version-history":[{"count":2,"href":"https:\/\/marvaldi.com\/index.php?rest_route=\/wp\/v2\/pages\/266\/revisions"}],"predecessor-version":[{"id":295,"href":"https:\/\/marvaldi.com\/index.php?rest_route=\/wp\/v2\/pages\/266\/revisions\/295"}],"wp:attachment":[{"href":"https:\/\/marvaldi.com\/index.php?rest_route=%2Fwp%2Fv2%2Fmedia&parent=266"}],"curies":[{"name":"wp","href":"https:\/\/api.w.org\/{rel}","templated":true}]}}